{"id":1779,"date":"2025-05-26T11:37:46","date_gmt":"2025-05-26T11:37:46","guid":{"rendered":"https:\/\/wif2.deegita.com\/?page_id=1779"},"modified":"2025-06-01T21:09:33","modified_gmt":"2025-06-01T21:09:33","slug":"contate-nos","status":"publish","type":"page","link":"https:\/\/www.walksinsideflorence.it\/pt-pt\/contate-nos\/","title":{"rendered":"Contate-nos"},"content":{"rendered":"\t\t<div data-elementor-type=\"wp-page\" data-elementor-id=\"1779\" class=\"elementor elementor-1779 elementor-98\" data-elementor-post-type=\"page\">\n\t\t\t\t<div class=\"elementor-element elementor-element-1dc1dc13 e-flex e-con-boxed e-con e-parent\" data-id=\"1dc1dc13\" data-element_type=\"container\" data-e-type=\"container\" data-settings=\"{&quot;background_background&quot;:&quot;classic&quot;}\">\n\t\t\t\t\t<div class=\"e-con-inner\">\n\t\t\t\t\t<\/div>\n\t\t\t\t<\/div>\n\t\t<div class=\"elementor-element elementor-element-31920fcc e-flex e-con-boxed e-con e-parent\" data-id=\"31920fcc\" data-element_type=\"container\" data-e-type=\"container\">\n\t\t\t\t\t<div class=\"e-con-inner\">\n\t\t<div class=\"elementor-element elementor-element-12e8d61 e-grid e-con-full e-con e-child\" data-id=\"12e8d61\" data-element_type=\"container\" data-e-type=\"container\" data-settings=\"{&quot;background_background&quot;:&quot;classic&quot;}\">\n\t\t\t\t<div class=\"elementor-element elementor-element-04260d0 elementor-widget elementor-widget-text-editor\" data-id=\"04260d0\" data-element_type=\"widget\" data-e-type=\"widget\" data-widget_type=\"text-editor.default\">\n\t\t\t\t<div class=\"elementor-widget-container\">\n\t\t\t\t\t\t\t\t\t<p><strong>Preenchendo este question\u00e1rio voc\u00ea poder\u00e1 solicitar informa\u00e7\u00f5es e tamb\u00e9m saber sobre a disponibilidade de visitar Floren\u00e7a conosco.<\/strong> Voc\u00ea ser\u00e1 contatado o quanto antes com as indica\u00e7\u00f5es mais vantajosas.<br \/>Onde aparece o asterisco o preechimento \u00e9 obrigatorio.<\/p><p>O pre\u00e7o da visita guiada depende do n\u00famero de pessoas e da dura\u00e7\u00e3o da visita. Os entradas nos museus n\u00e3o est\u00e3o inclu\u00eddas no pre\u00e7o da visita guiada. O pagamento n\u00e3o pode ser feito, nem com cart\u00e3o, nem com cheque. Pode nos enviar seu e-mail agora!<\/p>\t\t\t\t\t\t\t\t<\/div>\n\t\t\t\t<\/div>\n\t\t\t\t<div class=\"elementor-element elementor-element-af59d36 elementor-widget elementor-widget-shortcode\" data-id=\"af59d36\" data-element_type=\"widget\" data-e-type=\"widget\" data-widget_type=\"shortcode.default\">\n\t\t\t\t<div class=\"elementor-widget-container\">\n\t\t\t\t\t\t\t<div class=\"elementor-shortcode\"><style id=\"wpforms-css-vars-1775\">\n\t\t\t\t#wpforms-1775 {\n\t\t\t\t\n\t\t\t}\n\t\t\t<\/style><div class=\"wpforms-container wpforms-container-full wpforms-render-modern\" id=\"wpforms-1775\"><form id=\"wpforms-form-1775\" class=\"wpforms-validate wpforms-form wpforms-ajax-form\" data-formid=\"1775\" method=\"post\" enctype=\"multipart\/form-data\" action=\"\/pt-pt\/wp-json\/wp\/v2\/pages\/1779\" data-token=\"86e5ce95b7c3a05d8a5bf29bf51290b3\" data-token-time=\"1777427035\"><noscript class=\"wpforms-error-noscript\">Please enable JavaScript in your browser to complete this form.<\/noscript><div id=\"wpforms-error-noscript\" style=\"display: none;\">Please enable JavaScript in your browser to complete this form.<\/div><div class=\"wpforms-field-container\"><div id=\"wpforms-1775-field_1-container\" class=\"wpforms-field wpforms-field-name\" data-field-id=\"1\"><fieldset><legend class=\"wpforms-field-label\">Nome e Apelido <span class=\"wpforms-required-label\" aria-hidden=\"true\">*<\/span><\/legend><div class=\"wpforms-field-row wpforms-field-large\"><div class=\"wpforms-field-row-block wpforms-first wpforms-one-half\"><input type=\"text\" id=\"wpforms-1775-field_1\" class=\"wpforms-field-name-first wpforms-field-required\" name=\"wpforms[fields][1][first]\" placeholder=\"Primeiro nome\" aria-errormessage=\"wpforms-1775-field_1-error\" required><label for=\"wpforms-1775-field_1\" class=\"wpforms-field-sublabel after wpforms-sublabel-hide\">First<\/label><\/div><div class=\"wpforms-field-row-block wpforms-one-half\"><input type=\"text\" id=\"wpforms-1775-field_1-last\" class=\"wpforms-field-name-last wpforms-field-required\" name=\"wpforms[fields][1][last]\" placeholder=\"Sobrenome\" aria-errormessage=\"wpforms-1775-field_1-last-error\" required><label for=\"wpforms-1775-field_1-last\" class=\"wpforms-field-sublabel after wpforms-sublabel-hide\">Last<\/label><\/div><\/div><\/fieldset><\/div><div id=\"wpforms-1775-field_2-container\" class=\"wpforms-field wpforms-field-email wpforms-one-half wpforms-first\" data-field-id=\"2\"><label class=\"wpforms-field-label\" for=\"wpforms-1775-field_2\">Email <span class=\"wpforms-required-label\" aria-hidden=\"true\">*<\/span><\/label><input type=\"email\" id=\"wpforms-1775-field_2\" class=\"wpforms-field-large wpforms-field-required\" name=\"wpforms[fields][2]\" spellcheck=\"false\" aria-errormessage=\"wpforms-1775-field_2-error\" required><\/div>\t\t<div id=\"wpforms-1775-field_9-container\"\n\t\t\tclass=\"wpforms-field wpforms-field-text\"\n\t\t\tdata-field-type=\"text\"\n\t\t\tdata-field-id=\"9\"\n\t\t\t>\n\t\t\t<label class=\"wpforms-field-label\" for=\"wpforms-1775-field_9\" >Solicita\u00e7\u00e3o da e<\/label>\n\t\t\t<input type=\"text\" id=\"wpforms-1775-field_9\" class=\"wpforms-field-medium\" name=\"wpforms[fields][9]\" >\n\t\t<\/div>\n\t\t<div id=\"wpforms-1775-field_4-container\" class=\"wpforms-field wpforms-field-text wpforms-one-half\" data-field-id=\"4\"><label class=\"wpforms-field-label\" for=\"wpforms-1775-field_4\">Contacto em It\u00e1lia (n\u00famero de telefone)<\/label><input type=\"text\" id=\"wpforms-1775-field_4\" class=\"wpforms-field-large\" name=\"wpforms[fields][4]\" aria-errormessage=\"wpforms-1775-field_4-error\" ><\/div><div id=\"wpforms-1775-field_8-container\" class=\"wpforms-field wpforms-field-select wpforms-field-select-style-modern\" data-field-id=\"8\"><label class=\"wpforms-field-label\" for=\"wpforms-1775-field_8\">Passeio solicitado<\/label><select id=\"wpforms-1775-field_8\" class=\"wpforms-field-large choicesjs-select\" data-size-class=\"wpforms-field-row wpforms-field-large\" data-search-enabled=\"\" name=\"wpforms[fields][8][]\" multiple=\"multiple\"><option value=\"\" class=\"placeholder\" disabled ><\/option><option value=\"Visita do Centro Hist\u00f3rico e do Davi de Michelangelo\"  class=\"choice-49 depth-1\"  >Visita do Centro Hist\u00f3rico e do Davi de Michelangelo<\/option><option value=\"Tour de Michelangelo\"  class=\"choice-50 depth-1\"  >Tour de Michelangelo<\/option><option value=\"Descobrir os grandes museus: Galleria degli Uffizi\"  class=\"choice-51 depth-1\"  >Descobrir os grandes museus: Galleria degli Uffizi<\/option><option value=\"Floren\u00e7a em um dia\"  class=\"choice-52 depth-1\"  >Floren\u00e7a em um dia<\/option><option value=\"Outro passeio\"  class=\"choice-40 depth-1\"  >Outro passeio<\/option><\/select><\/div><div id=\"wpforms-1775-field_5-container\" class=\"wpforms-field wpforms-field-number wpforms-one-half wpforms-first\" data-field-id=\"5\"><label class=\"wpforms-field-label\" for=\"wpforms-1775-field_5\">N\u00famero de participantes <\/label><input type=\"number\" id=\"wpforms-1775-field_5\" class=\"wpforms-field-large\" name=\"wpforms[fields][5]\" min=\"1\" step=\"any\" aria-errormessage=\"wpforms-1775-field_5-error\" ><\/div><div id=\"wpforms-1775-field_6-container\" class=\"wpforms-field wpforms-field-text wpforms-one-half walwpf-datepicker\" data-field-id=\"6\"><label class=\"wpforms-field-label\" for=\"wpforms-1775-field_6\">Dia da visita <span class=\"wpforms-required-label\" aria-hidden=\"true\">*<\/span><\/label><input type=\"text\" id=\"wpforms-1775-field_6\" class=\"wpforms-field-large wpforms-field-required\" name=\"wpforms[fields][6]\" aria-errormessage=\"wpforms-1775-field_6-error\" required><\/div><div id=\"wpforms-1775-field_3-container\" class=\"wpforms-field wpforms-field-textarea\" data-field-id=\"3\"><label class=\"wpforms-field-label\" for=\"wpforms-1775-field_3\">Solicita\u00e7\u00e3o <span class=\"wpforms-required-label\" aria-hidden=\"true\">*<\/span><\/label><textarea id=\"wpforms-1775-field_3\" class=\"wpforms-field-medium wpforms-field-required\" name=\"wpforms[fields][3]\" aria-errormessage=\"wpforms-1775-field_3-error\" required><\/textarea><\/div><div id=\"wpforms-1775-field_7-container\" class=\"wpforms-field wpforms-field-checkbox\" data-field-id=\"7\"><fieldset><legend class=\"wpforms-field-label\"> <span class=\"wpforms-required-label\" aria-hidden=\"true\">*<\/span><\/legend><ul id=\"wpforms-1775-field_7\" class=\"wpforms-field-required\"><li class=\"choice-1 depth-1\"><input type=\"checkbox\" id=\"wpforms-1775-field_7_1\" name=\"wpforms[fields][7][]\" value=\"Autoriza o tratamento dos meus dados pessoais em fun\u00e7\u00e3o das &lt;a href=&quot;\/pt\/privacy.html&quot;&gt;informa\u00e7\u00f5es&lt;\/a&gt; facilitadas de acordo com o art. 13.\u00ba do Regulamento UE 679\/2016, que declara ter sido lido e aceite.\" aria-errormessage=\"wpforms-1775-field_7_1-error\" required ><label class=\"wpforms-field-label-inline\" for=\"wpforms-1775-field_7_1\">Autoriza o tratamento dos meus dados pessoais em fun\u00e7\u00e3o das <a href=\"\/pt\/privacy.html\">informa\u00e7\u00f5es<\/a> facilitadas de acordo com o art. 13.\u00ba do Regulamento UE 679\/2016, que declara ter sido lido e aceite.<\/label><\/li><\/ul><\/fieldset><\/div><script>\n\t\t\t\t( function() {\n\t\t\t\t\tconst style = document.createElement( 'style' );\n\t\t\t\t\tstyle.appendChild( document.createTextNode( '#wpforms-1775-field_9-container { position: absolute !important; overflow: hidden !important; display: inline !important; height: 1px !important; width: 1px !important; z-index: -1000 !important; padding: 0 !important; } #wpforms-1775-field_9-container input { visibility: hidden; } #wpforms-conversational-form-page #wpforms-1775-field_9-container label { counter-increment: none; }' ) );\n\t\t\t\t\tdocument.head.appendChild( style );\n\t\t\t\t\tdocument.currentScript?.remove();\n\t\t\t\t} )();\n\t\t\t<\/script><\/div><!-- .wpforms-field-container --><div class=\"wpforms-submit-container\" ><input type=\"hidden\" name=\"wpforms[id]\" value=\"1775\"><input type=\"hidden\" name=\"page_title\" value=\"\"><input type=\"hidden\" name=\"page_url\" value=\"https:\/\/www.walksinsideflorence.it\/pt-pt\/wp-json\/wp\/v2\/pages\/1779\"><input type=\"hidden\" name=\"url_referer\" value=\"\"><button type=\"submit\" name=\"wpforms[submit]\" id=\"wpforms-submit-1775\" class=\"wpforms-submit\" data-alt-text=\"Enviando...\" data-submit-text=\"Entregar\" aria-live=\"assertive\" value=\"wpforms-submit\">Entregar<\/button><img decoding=\"async\" src=\"https:\/\/www.walksinsideflorence.it\/wp-content\/plugins\/wpforms\/assets\/images\/submit-spin.svg\" class=\"wpforms-submit-spinner\" style=\"display: none;\" width=\"26\" height=\"26\" alt=\"Loading\"><\/div><\/form><\/div>  <!-- .wpforms-container -->\t<\/div>\n\t\t\t\t\t\t<\/div>\n\t\t\t\t<\/div>\n\t\t\t\t<\/div>\n\t\t\t\t\t<\/div>\n\t\t\t\t<\/div>\n\t\t\t\t<\/div>\n\t\t","protected":false},"excerpt":{"rendered":"<p>Preenchendo este question\u00e1rio voc\u00ea poder\u00e1 solicitar informa\u00e7\u00f5es e tamb\u00e9m saber sobre a disponibilidade de visitar Floren\u00e7a conosco. Voc\u00ea ser\u00e1 contatado o quanto antes com as indica\u00e7\u00f5es mais vantajosas.Onde aparece o asterisco o preechimento \u00e9 obrigatorio. O pre\u00e7o da visita guiada depende do n\u00famero de pessoas e da dura\u00e7\u00e3o da visita. Os entradas nos museus n\u00e3o [&hellip;]<\/p>\n","protected":false},"author":1,"featured_media":0,"parent":0,"menu_order":0,"comment_status":"closed","ping_status":"closed","template":"","meta":{"_acf_changed":false,"footnotes":""},"class_list":["post-1779","page","type-page","status-publish","hentry"],"acf":[],"yoast_head":"<!-- This site is optimized with the Yoast SEO plugin v26.9 - https:\/\/yoast.com\/product\/yoast-seo-wordpress\/ -->\n<title>Contate-nos - Walks Inside Florence<\/title>\n<meta name=\"robots\" content=\"index, follow, max-snippet:-1, max-image-preview:large, max-video-preview:-1\" \/>\n<link rel=\"canonical\" href=\"https:\/\/www.walksinsideflorence.it\/pt-pt\/contate-nos\/\" \/>\n<meta property=\"og:locale\" content=\"pt_PT\" \/>\n<meta property=\"og:type\" content=\"article\" \/>\n<meta property=\"og:title\" content=\"Contate-nos - Walks Inside Florence\" \/>\n<meta property=\"og:description\" content=\"Preenchendo este question\u00e1rio voc\u00ea poder\u00e1 solicitar informa\u00e7\u00f5es e tamb\u00e9m saber sobre a disponibilidade de visitar Floren\u00e7a conosco. Voc\u00ea ser\u00e1 contatado o quanto antes com as indica\u00e7\u00f5es mais vantajosas.Onde aparece o asterisco o preechimento \u00e9 obrigatorio. O pre\u00e7o da visita guiada depende do n\u00famero de pessoas e da dura\u00e7\u00e3o da visita. Os entradas nos museus n\u00e3o [&hellip;]\" \/>\n<meta property=\"og:url\" content=\"https:\/\/www.walksinsideflorence.it\/pt-pt\/contate-nos\/\" \/>\n<meta property=\"og:site_name\" content=\"Walks Inside Florence\" \/>\n<meta property=\"article:modified_time\" content=\"2025-06-01T21:09:33+00:00\" \/>\n<meta name=\"twitter:card\" content=\"summary_large_image\" \/>\n<meta name=\"twitter:label1\" content=\"Tempo estimado de leitura\" \/>\n\t<meta name=\"twitter:data1\" content=\"1 minuto\" \/>\n<script type=\"application\/ld+json\" class=\"yoast-schema-graph\">{\"@context\":\"https:\/\/schema.org\",\"@graph\":[{\"@type\":\"WebPage\",\"@id\":\"https:\/\/www.walksinsideflorence.it\/pt-pt\/contate-nos\/\",\"url\":\"https:\/\/www.walksinsideflorence.it\/pt-pt\/contate-nos\/\",\"name\":\"Contate-nos - Walks Inside Florence\",\"isPartOf\":{\"@id\":\"https:\/\/www.walksinsideflorence.it\/pt-pt\/#website\"},\"datePublished\":\"2025-05-26T11:37:46+00:00\",\"dateModified\":\"2025-06-01T21:09:33+00:00\",\"breadcrumb\":{\"@id\":\"https:\/\/www.walksinsideflorence.it\/pt-pt\/contate-nos\/#breadcrumb\"},\"inLanguage\":\"pt-PT\",\"potentialAction\":[{\"@type\":\"ReadAction\",\"target\":[\"https:\/\/www.walksinsideflorence.it\/pt-pt\/contate-nos\/\"]}]},{\"@type\":\"BreadcrumbList\",\"@id\":\"https:\/\/www.walksinsideflorence.it\/pt-pt\/contate-nos\/#breadcrumb\",\"itemListElement\":[{\"@type\":\"ListItem\",\"position\":1,\"name\":\"Home\",\"item\":\"https:\/\/www.walksinsideflorence.it\/pt-pt\/\"},{\"@type\":\"ListItem\",\"position\":2,\"name\":\"Contate-nos\"}]},{\"@type\":\"WebSite\",\"@id\":\"https:\/\/www.walksinsideflorence.it\/pt-pt\/#website\",\"url\":\"https:\/\/www.walksinsideflorence.it\/pt-pt\/\",\"name\":\"Walks Inside Florence\",\"description\":\"\",\"publisher\":{\"@id\":\"https:\/\/www.walksinsideflorence.it\/pt-pt\/#organization\"},\"potentialAction\":[{\"@type\":\"SearchAction\",\"target\":{\"@type\":\"EntryPoint\",\"urlTemplate\":\"https:\/\/www.walksinsideflorence.it\/pt-pt\/?s={search_term_string}\"},\"query-input\":{\"@type\":\"PropertyValueSpecification\",\"valueRequired\":true,\"valueName\":\"search_term_string\"}}],\"inLanguage\":\"pt-PT\"},{\"@type\":\"Organization\",\"@id\":\"https:\/\/www.walksinsideflorence.it\/pt-pt\/#organization\",\"name\":\"Walks Inside Florence\",\"url\":\"https:\/\/www.walksinsideflorence.it\/pt-pt\/\",\"logo\":{\"@type\":\"ImageObject\",\"inLanguage\":\"pt-PT\",\"@id\":\"https:\/\/www.walksinsideflorence.it\/pt-pt\/#\/schema\/logo\/image\/\",\"url\":\"https:\/\/www.walksinsideflorence.it\/wp-content\/uploads\/2025\/05\/logo.png\",\"contentUrl\":\"https:\/\/www.walksinsideflorence.it\/wp-content\/uploads\/2025\/05\/logo.png\",\"width\":170,\"height\":97,\"caption\":\"Walks Inside Florence\"},\"image\":{\"@id\":\"https:\/\/www.walksinsideflorence.it\/pt-pt\/#\/schema\/logo\/image\/\"}}]}<\/script>\n<!-- \/ Yoast SEO plugin. -->","yoast_head_json":{"title":"Contate-nos - Walks Inside Florence","robots":{"index":"index","follow":"follow","max-snippet":"max-snippet:-1","max-image-preview":"max-image-preview:large","max-video-preview":"max-video-preview:-1"},"canonical":"https:\/\/www.walksinsideflorence.it\/pt-pt\/contate-nos\/","og_locale":"pt_PT","og_type":"article","og_title":"Contate-nos - Walks Inside Florence","og_description":"Preenchendo este question\u00e1rio voc\u00ea poder\u00e1 solicitar informa\u00e7\u00f5es e tamb\u00e9m saber sobre a disponibilidade de visitar Floren\u00e7a conosco. Voc\u00ea ser\u00e1 contatado o quanto antes com as indica\u00e7\u00f5es mais vantajosas.Onde aparece o asterisco o preechimento \u00e9 obrigatorio. O pre\u00e7o da visita guiada depende do n\u00famero de pessoas e da dura\u00e7\u00e3o da visita. Os entradas nos museus n\u00e3o [&hellip;]","og_url":"https:\/\/www.walksinsideflorence.it\/pt-pt\/contate-nos\/","og_site_name":"Walks Inside Florence","article_modified_time":"2025-06-01T21:09:33+00:00","twitter_card":"summary_large_image","twitter_misc":{"Tempo estimado de leitura":"1 minuto"},"schema":{"@context":"https:\/\/schema.org","@graph":[{"@type":"WebPage","@id":"https:\/\/www.walksinsideflorence.it\/pt-pt\/contate-nos\/","url":"https:\/\/www.walksinsideflorence.it\/pt-pt\/contate-nos\/","name":"Contate-nos - Walks Inside Florence","isPartOf":{"@id":"https:\/\/www.walksinsideflorence.it\/pt-pt\/#website"},"datePublished":"2025-05-26T11:37:46+00:00","dateModified":"2025-06-01T21:09:33+00:00","breadcrumb":{"@id":"https:\/\/www.walksinsideflorence.it\/pt-pt\/contate-nos\/#breadcrumb"},"inLanguage":"pt-PT","potentialAction":[{"@type":"ReadAction","target":["https:\/\/www.walksinsideflorence.it\/pt-pt\/contate-nos\/"]}]},{"@type":"BreadcrumbList","@id":"https:\/\/www.walksinsideflorence.it\/pt-pt\/contate-nos\/#breadcrumb","itemListElement":[{"@type":"ListItem","position":1,"name":"Home","item":"https:\/\/www.walksinsideflorence.it\/pt-pt\/"},{"@type":"ListItem","position":2,"name":"Contate-nos"}]},{"@type":"WebSite","@id":"https:\/\/www.walksinsideflorence.it\/pt-pt\/#website","url":"https:\/\/www.walksinsideflorence.it\/pt-pt\/","name":"Walks Inside Florence","description":"","publisher":{"@id":"https:\/\/www.walksinsideflorence.it\/pt-pt\/#organization"},"potentialAction":[{"@type":"SearchAction","target":{"@type":"EntryPoint","urlTemplate":"https:\/\/www.walksinsideflorence.it\/pt-pt\/?s={search_term_string}"},"query-input":{"@type":"PropertyValueSpecification","valueRequired":true,"valueName":"search_term_string"}}],"inLanguage":"pt-PT"},{"@type":"Organization","@id":"https:\/\/www.walksinsideflorence.it\/pt-pt\/#organization","name":"Walks Inside Florence","url":"https:\/\/www.walksinsideflorence.it\/pt-pt\/","logo":{"@type":"ImageObject","inLanguage":"pt-PT","@id":"https:\/\/www.walksinsideflorence.it\/pt-pt\/#\/schema\/logo\/image\/","url":"https:\/\/www.walksinsideflorence.it\/wp-content\/uploads\/2025\/05\/logo.png","contentUrl":"https:\/\/www.walksinsideflorence.it\/wp-content\/uploads\/2025\/05\/logo.png","width":170,"height":97,"caption":"Walks Inside Florence"},"image":{"@id":"https:\/\/www.walksinsideflorence.it\/pt-pt\/#\/schema\/logo\/image\/"}}]}},"_links":{"self":[{"href":"https:\/\/www.walksinsideflorence.it\/pt-pt\/wp-json\/wp\/v2\/pages\/1779","targetHints":{"allow":["GET"]}}],"collection":[{"href":"https:\/\/www.walksinsideflorence.it\/pt-pt\/wp-json\/wp\/v2\/pages"}],"about":[{"href":"https:\/\/www.walksinsideflorence.it\/pt-pt\/wp-json\/wp\/v2\/types\/page"}],"author":[{"embeddable":true,"href":"https:\/\/www.walksinsideflorence.it\/pt-pt\/wp-json\/wp\/v2\/users\/1"}],"replies":[{"embeddable":true,"href":"https:\/\/www.walksinsideflorence.it\/pt-pt\/wp-json\/wp\/v2\/comments?post=1779"}],"version-history":[{"count":4,"href":"https:\/\/www.walksinsideflorence.it\/pt-pt\/wp-json\/wp\/v2\/pages\/1779\/revisions"}],"predecessor-version":[{"id":1783,"href":"https:\/\/www.walksinsideflorence.it\/pt-pt\/wp-json\/wp\/v2\/pages\/1779\/revisions\/1783"}],"wp:attachment":[{"href":"https:\/\/www.walksinsideflorence.it\/pt-pt\/wp-json\/wp\/v2\/media?parent=1779"}],"curies":[{"name":"wp","href":"https:\/\/api.w.org\/{rel}","templated":true}]}}