{"id":1751,"date":"2025-05-26T11:36:48","date_gmt":"2025-05-26T11:36:48","guid":{"rendered":"https:\/\/wif2.deegita.com\/faq\/"},"modified":"2025-06-13T11:37:07","modified_gmt":"2025-06-13T11:37:07","slug":"faq-pt","status":"publish","type":"page","link":"https:\/\/www.walksinsideflorence.it\/pt-pt\/faq-pt\/","title":{"rendered":"Faq"},"content":{"rendered":"\t\t<div data-elementor-type=\"wp-page\" data-elementor-id=\"1751\" class=\"elementor elementor-1751 elementor-94\" data-elementor-post-type=\"page\">\n\t\t\t\t<div class=\"elementor-element elementor-element-1a61fa55 e-flex e-con-boxed e-con e-parent\" data-id=\"1a61fa55\" data-element_type=\"container\" data-e-type=\"container\" data-settings=\"{&quot;background_background&quot;:&quot;classic&quot;}\">\n\t\t\t\t\t<div class=\"e-con-inner\">\n\t\t\t\t\t<\/div>\n\t\t\t\t<\/div>\n\t\t<div class=\"elementor-element elementor-element-1d0f3ad e-flex e-con-boxed e-con e-parent\" data-id=\"1d0f3ad\" data-element_type=\"container\" data-e-type=\"container\">\n\t\t\t\t\t<div class=\"e-con-inner\">\n\t\t\t\t<div class=\"elementor-element elementor-element-23bf321 elementor-widget elementor-widget-text-editor\" data-id=\"23bf321\" data-element_type=\"widget\" data-e-type=\"widget\" data-widget_type=\"text-editor.default\">\n\t\t\t\t<div class=\"elementor-widget-container\">\n\t\t\t\t\t\t\t\t\t<h5>Posso ir andando entre os diferentes pontos de interesse da cidade?<\/h5>\n<p>Floren\u00e7a est\u00e1 esperando para ser explorada a p\u00e9. O centro de cidade \u00e9 plano, mas as ruas s\u00e3o pavimentadas com pedras, por isso a nossa sugest\u00e3o \u00e9: use sapatos c\u00f4modos e ande em todo lugar para explorar a cultura e a vida quotidiana da cidade.<br \/>Os pontos do interesse (museus, igrejas, pal\u00e1cios) s\u00e3o todos em uma breve dist\u00e2ncia entre eles.<br \/>Se voc\u00ea tiver de atravessar a cidade rapidamente, os pontos de t\u00e1xis s\u00e3o localizados na maior parte das suas pra\u00e7as<\/p>\n<h5>Onde posso estacionar o meu carro se eu vier de fora da cidade?<\/h5>\n<p>O estacionamento mais pr\u00f3ximo ao centro hist\u00f3rico \u00e9 embaixo da principal esta\u00e7\u00e3o de trem Santa Maria Novella. As tarifas por hora s\u00e3o aproximadamente 1,50 euros; e as diarias s\u00e3o aproximadamente 18,00 euros.<br \/>Do estacionamento voc\u00ea pode chegar ao Duomo a p\u00e9 em menos de 15 minutos.<\/p>\n<h5>Chegando com bagagem, onde posso guardar minhas malas?<\/h5>\n<p>Na principal esta\u00e7\u00e3o de trem, Santa Maria Novella, h\u00e1 um dep\u00f3sito de malas muito conveniente.<br \/>Est\u00e1 aberto todos os dias das 6.00 as 22.00 e as tarifas s\u00e3o bastante razo\u00e1veis.<br \/>O deposito \u00e9 localizado ao longo do bin\u00e1rio 16, que se localiza em frente a farm\u00e1cia.<\/p>\n<h5>Quando os restaurantes est\u00e3o abertos?<\/h5>\n<p>Os restaurantes geralmente abrem para o almo\u00e7o das 12.00\/12.30 ate 14.00\/14.30. J\u00e1 para o jantar, abrem entre 19.30 ate 22.00 . A maioria dos restaurantes fecham ou domingo ou segunda feira.<\/p>\n<h5>Qual seria uma sugest\u00e3o sobre gorjetas?<\/h5>\n<p>As gorjetas n\u00e3o s\u00e3o obrigat\u00f3rias, mas um sinal da avalia\u00e7\u00e3o. Se o servi\u00e7o foi bom, sugerimos uma gorjeta de 10 % da conta.<\/p>\n<h5>Onde posso fazer compras?<\/h5>\n<p>Floren\u00e7a \u00e9 famosa por suas lojas elegantes e trabalhos de habilidade manual. As lojas de grandes estilistas s\u00e3o concentradas na Via Tornabuoni, Via della Vigna Nuova e Via Strozzi. As lojas de artes\u00e3os podem ser encontradas no quarteir\u00e3o de Oltrarno: Borgo Frediano, Santo Spirito, Borgo Iacopo. O quarteir\u00e3o de Santa Croce oferece uma grande sele\u00e7\u00e3o de mercadorias de couro: jaquetas, bolsas, luvas, bolsas.<\/p>\n<h5>Onde eu poderia ir para uma viagem de um dia fora da Floren\u00e7a?<\/h5>\n<p>Voc\u00ea pode chegar facilmente em Roma usando o trem r\u00e1pido ( Eurostar ou Italo, leva s\u00f3 uma hora e meia ate Roma!). amb\u00e9m sugerimos Pisa, Lucca, Siena e Gimignano.<\/p>\n<h5>Posso combinar os tours?<\/h5>\n<p>A combina\u00e7\u00e3o de tours \u00e9 poss\u00edvel, mas ele necessita um passeio de pelo menos 4 horas. Sugerimos para combinar a Academia (galeria de escultura) com o Uffizi ou Pal\u00e1cio Pitti (museus de pinturas). D\u00ea uma olhada no nosso Tour Accademia e Uffizi<\/p>\n<h5>Preciso fazer reservas dos museus?<\/h5>\n<p>As reservas dos diferentes museus ser\u00e3o feitas por n\u00f3s em seu nome e pagas diretamente no museu quando voc\u00ea compra a entrada.<\/p>\n\t\t\t\t\t\t\t\t<\/div>\n\t\t\t\t<\/div>\n\t\t\t\t\t<\/div>\n\t\t\t\t<\/div>\n\t\t\t\t<\/div>\n\t\t","protected":false},"excerpt":{"rendered":"<p>Posso ir andando entre os diferentes pontos de interesse da cidade? Floren\u00e7a est\u00e1 esperando para ser explorada a p\u00e9. O centro de cidade \u00e9 plano, mas as ruas s\u00e3o pavimentadas com pedras, por isso a nossa sugest\u00e3o \u00e9: use sapatos c\u00f4modos e ande em todo lugar para explorar a cultura e a vida quotidiana da [&hellip;]<\/p>\n","protected":false},"author":1,"featured_media":0,"parent":0,"menu_order":0,"comment_status":"closed","ping_status":"closed","template":"","meta":{"_acf_changed":false,"footnotes":""},"class_list":["post-1751","page","type-page","status-publish","hentry"],"acf":[],"yoast_head":"<!-- This site is optimized with the Yoast SEO plugin v26.9 - https:\/\/yoast.com\/product\/yoast-seo-wordpress\/ -->\n<title>Faq - Walks Inside Florence<\/title>\n<meta name=\"robots\" content=\"index, follow, max-snippet:-1, max-image-preview:large, max-video-preview:-1\" \/>\n<link rel=\"canonical\" href=\"https:\/\/www.walksinsideflorence.it\/pt-pt\/faq-pt\/\" \/>\n<meta property=\"og:locale\" content=\"pt_PT\" \/>\n<meta property=\"og:type\" content=\"article\" \/>\n<meta property=\"og:title\" content=\"Faq - Walks Inside Florence\" \/>\n<meta property=\"og:description\" content=\"Posso ir andando entre os diferentes pontos de interesse da cidade? Floren\u00e7a est\u00e1 esperando para ser explorada a p\u00e9. O centro de cidade \u00e9 plano, mas as ruas s\u00e3o pavimentadas com pedras, por isso a nossa sugest\u00e3o \u00e9: use sapatos c\u00f4modos e ande em todo lugar para explorar a cultura e a vida quotidiana da [&hellip;]\" \/>\n<meta property=\"og:url\" content=\"https:\/\/www.walksinsideflorence.it\/pt-pt\/faq-pt\/\" \/>\n<meta property=\"og:site_name\" content=\"Walks Inside Florence\" \/>\n<meta property=\"article:modified_time\" content=\"2025-06-13T11:37:07+00:00\" \/>\n<meta name=\"twitter:card\" content=\"summary_large_image\" \/>\n<meta name=\"twitter:label1\" content=\"Tempo estimado de leitura\" \/>\n\t<meta name=\"twitter:data1\" content=\"2 minutos\" \/>\n<script type=\"application\/ld+json\" class=\"yoast-schema-graph\">{\"@context\":\"https:\/\/schema.org\",\"@graph\":[{\"@type\":\"WebPage\",\"@id\":\"https:\/\/www.walksinsideflorence.it\/pt-pt\/faq-pt\/\",\"url\":\"https:\/\/www.walksinsideflorence.it\/pt-pt\/faq-pt\/\",\"name\":\"Faq - Walks Inside Florence\",\"isPartOf\":{\"@id\":\"https:\/\/www.walksinsideflorence.it\/pt-pt\/#website\"},\"datePublished\":\"2025-05-26T11:36:48+00:00\",\"dateModified\":\"2025-06-13T11:37:07+00:00\",\"breadcrumb\":{\"@id\":\"https:\/\/www.walksinsideflorence.it\/pt-pt\/faq-pt\/#breadcrumb\"},\"inLanguage\":\"pt-PT\",\"potentialAction\":[{\"@type\":\"ReadAction\",\"target\":[\"https:\/\/www.walksinsideflorence.it\/pt-pt\/faq-pt\/\"]}]},{\"@type\":\"BreadcrumbList\",\"@id\":\"https:\/\/www.walksinsideflorence.it\/pt-pt\/faq-pt\/#breadcrumb\",\"itemListElement\":[{\"@type\":\"ListItem\",\"position\":1,\"name\":\"Home\",\"item\":\"https:\/\/www.walksinsideflorence.it\/pt-pt\/\"},{\"@type\":\"ListItem\",\"position\":2,\"name\":\"Faq\"}]},{\"@type\":\"WebSite\",\"@id\":\"https:\/\/www.walksinsideflorence.it\/pt-pt\/#website\",\"url\":\"https:\/\/www.walksinsideflorence.it\/pt-pt\/\",\"name\":\"Walks Inside Florence\",\"description\":\"\",\"publisher\":{\"@id\":\"https:\/\/www.walksinsideflorence.it\/pt-pt\/#organization\"},\"potentialAction\":[{\"@type\":\"SearchAction\",\"target\":{\"@type\":\"EntryPoint\",\"urlTemplate\":\"https:\/\/www.walksinsideflorence.it\/pt-pt\/?s={search_term_string}\"},\"query-input\":{\"@type\":\"PropertyValueSpecification\",\"valueRequired\":true,\"valueName\":\"search_term_string\"}}],\"inLanguage\":\"pt-PT\"},{\"@type\":\"Organization\",\"@id\":\"https:\/\/www.walksinsideflorence.it\/pt-pt\/#organization\",\"name\":\"Walks Inside Florence\",\"url\":\"https:\/\/www.walksinsideflorence.it\/pt-pt\/\",\"logo\":{\"@type\":\"ImageObject\",\"inLanguage\":\"pt-PT\",\"@id\":\"https:\/\/www.walksinsideflorence.it\/pt-pt\/#\/schema\/logo\/image\/\",\"url\":\"https:\/\/www.walksinsideflorence.it\/wp-content\/uploads\/2025\/05\/logo.png\",\"contentUrl\":\"https:\/\/www.walksinsideflorence.it\/wp-content\/uploads\/2025\/05\/logo.png\",\"width\":170,\"height\":97,\"caption\":\"Walks Inside Florence\"},\"image\":{\"@id\":\"https:\/\/www.walksinsideflorence.it\/pt-pt\/#\/schema\/logo\/image\/\"}}]}<\/script>\n<!-- \/ Yoast SEO plugin. -->","yoast_head_json":{"title":"Faq - Walks Inside Florence","robots":{"index":"index","follow":"follow","max-snippet":"max-snippet:-1","max-image-preview":"max-image-preview:large","max-video-preview":"max-video-preview:-1"},"canonical":"https:\/\/www.walksinsideflorence.it\/pt-pt\/faq-pt\/","og_locale":"pt_PT","og_type":"article","og_title":"Faq - Walks Inside Florence","og_description":"Posso ir andando entre os diferentes pontos de interesse da cidade? Floren\u00e7a est\u00e1 esperando para ser explorada a p\u00e9. O centro de cidade \u00e9 plano, mas as ruas s\u00e3o pavimentadas com pedras, por isso a nossa sugest\u00e3o \u00e9: use sapatos c\u00f4modos e ande em todo lugar para explorar a cultura e a vida quotidiana da [&hellip;]","og_url":"https:\/\/www.walksinsideflorence.it\/pt-pt\/faq-pt\/","og_site_name":"Walks Inside Florence","article_modified_time":"2025-06-13T11:37:07+00:00","twitter_card":"summary_large_image","twitter_misc":{"Tempo estimado de leitura":"2 minutos"},"schema":{"@context":"https:\/\/schema.org","@graph":[{"@type":"WebPage","@id":"https:\/\/www.walksinsideflorence.it\/pt-pt\/faq-pt\/","url":"https:\/\/www.walksinsideflorence.it\/pt-pt\/faq-pt\/","name":"Faq - Walks Inside Florence","isPartOf":{"@id":"https:\/\/www.walksinsideflorence.it\/pt-pt\/#website"},"datePublished":"2025-05-26T11:36:48+00:00","dateModified":"2025-06-13T11:37:07+00:00","breadcrumb":{"@id":"https:\/\/www.walksinsideflorence.it\/pt-pt\/faq-pt\/#breadcrumb"},"inLanguage":"pt-PT","potentialAction":[{"@type":"ReadAction","target":["https:\/\/www.walksinsideflorence.it\/pt-pt\/faq-pt\/"]}]},{"@type":"BreadcrumbList","@id":"https:\/\/www.walksinsideflorence.it\/pt-pt\/faq-pt\/#breadcrumb","itemListElement":[{"@type":"ListItem","position":1,"name":"Home","item":"https:\/\/www.walksinsideflorence.it\/pt-pt\/"},{"@type":"ListItem","position":2,"name":"Faq"}]},{"@type":"WebSite","@id":"https:\/\/www.walksinsideflorence.it\/pt-pt\/#website","url":"https:\/\/www.walksinsideflorence.it\/pt-pt\/","name":"Walks Inside Florence","description":"","publisher":{"@id":"https:\/\/www.walksinsideflorence.it\/pt-pt\/#organization"},"potentialAction":[{"@type":"SearchAction","target":{"@type":"EntryPoint","urlTemplate":"https:\/\/www.walksinsideflorence.it\/pt-pt\/?s={search_term_string}"},"query-input":{"@type":"PropertyValueSpecification","valueRequired":true,"valueName":"search_term_string"}}],"inLanguage":"pt-PT"},{"@type":"Organization","@id":"https:\/\/www.walksinsideflorence.it\/pt-pt\/#organization","name":"Walks Inside Florence","url":"https:\/\/www.walksinsideflorence.it\/pt-pt\/","logo":{"@type":"ImageObject","inLanguage":"pt-PT","@id":"https:\/\/www.walksinsideflorence.it\/pt-pt\/#\/schema\/logo\/image\/","url":"https:\/\/www.walksinsideflorence.it\/wp-content\/uploads\/2025\/05\/logo.png","contentUrl":"https:\/\/www.walksinsideflorence.it\/wp-content\/uploads\/2025\/05\/logo.png","width":170,"height":97,"caption":"Walks Inside Florence"},"image":{"@id":"https:\/\/www.walksinsideflorence.it\/pt-pt\/#\/schema\/logo\/image\/"}}]}},"_links":{"self":[{"href":"https:\/\/www.walksinsideflorence.it\/pt-pt\/wp-json\/wp\/v2\/pages\/1751","targetHints":{"allow":["GET"]}}],"collection":[{"href":"https:\/\/www.walksinsideflorence.it\/pt-pt\/wp-json\/wp\/v2\/pages"}],"about":[{"href":"https:\/\/www.walksinsideflorence.it\/pt-pt\/wp-json\/wp\/v2\/types\/page"}],"author":[{"embeddable":true,"href":"https:\/\/www.walksinsideflorence.it\/pt-pt\/wp-json\/wp\/v2\/users\/1"}],"replies":[{"embeddable":true,"href":"https:\/\/www.walksinsideflorence.it\/pt-pt\/wp-json\/wp\/v2\/comments?post=1751"}],"version-history":[{"count":1,"href":"https:\/\/www.walksinsideflorence.it\/pt-pt\/wp-json\/wp\/v2\/pages\/1751\/revisions"}],"predecessor-version":[{"id":1752,"href":"https:\/\/www.walksinsideflorence.it\/pt-pt\/wp-json\/wp\/v2\/pages\/1751\/revisions\/1752"}],"wp:attachment":[{"href":"https:\/\/www.walksinsideflorence.it\/pt-pt\/wp-json\/wp\/v2\/media?parent=1751"}],"curies":[{"name":"wp","href":"https:\/\/api.w.org\/{rel}","templated":true}]}}