{"id":1758,"date":"2025-05-26T11:37:46","date_gmt":"2025-05-26T11:37:46","guid":{"rendered":"https:\/\/wif2.deegita.com\/?page_id=1758"},"modified":"2025-06-13T11:44:33","modified_gmt":"2025-06-13T11:44:33","slug":"contactenos","status":"publish","type":"page","link":"https:\/\/www.walksinsideflorence.it\/es\/contactenos\/","title":{"rendered":"Cont\u00e1ctenos"},"content":{"rendered":"\t\t<div data-elementor-type=\"wp-page\" data-elementor-id=\"1758\" class=\"elementor elementor-1758 elementor-98\" data-elementor-post-type=\"page\">\n\t\t\t\t<div class=\"elementor-element elementor-element-1dc1dc13 e-flex e-con-boxed e-con e-parent\" data-id=\"1dc1dc13\" data-element_type=\"container\" data-e-type=\"container\" data-settings=\"{&quot;background_background&quot;:&quot;classic&quot;}\">\n\t\t\t\t\t<div class=\"e-con-inner\">\n\t\t\t\t\t<\/div>\n\t\t\t\t<\/div>\n\t\t<div class=\"elementor-element elementor-element-31920fcc e-flex e-con-boxed e-con e-parent\" data-id=\"31920fcc\" data-element_type=\"container\" data-e-type=\"container\">\n\t\t\t\t\t<div class=\"e-con-inner\">\n\t\t<div class=\"elementor-element elementor-element-12e8d61 e-grid e-con-full e-con e-child\" data-id=\"12e8d61\" data-element_type=\"container\" data-e-type=\"container\" data-settings=\"{&quot;background_background&quot;:&quot;classic&quot;}\">\n\t\t\t\t<div class=\"elementor-element elementor-element-04260d0 elementor-widget elementor-widget-text-editor\" data-id=\"04260d0\" data-element_type=\"widget\" data-e-type=\"widget\" data-widget_type=\"text-editor.default\">\n\t\t\t\t<div class=\"elementor-widget-container\">\n\t\t\t\t\t\t\t\t\t<p><strong>Reserva tours y excursiones en Florencia en Espa\u00f1ol<\/strong><\/p><p><strong>Rellenando este cuestionario Ud. esta&#8217; solicitando disponibilidad de las visitas o m\u00e0s informaci\u00f2n sobre nuestros tours y excursiones guiados en Florencia.<\/strong><\/p><p>Le contactaremos lo antes posibile indic\u00e0ndole la soluc\u00econ m\u00e0s ventajosa de acuerdo a sus necesidades.<\/p><p>Donde aparece el asterisco (*) es olbigatorio rellenarlo.<\/p>\t\t\t\t\t\t\t\t<\/div>\n\t\t\t\t<\/div>\n\t\t\t\t<div class=\"elementor-element elementor-element-3834610 elementor-widget elementor-widget-shortcode\" data-id=\"3834610\" data-element_type=\"widget\" data-e-type=\"widget\" data-widget_type=\"shortcode.default\">\n\t\t\t\t<div class=\"elementor-widget-container\">\n\t\t\t\t\t\t\t<div class=\"elementor-shortcode\"><style id=\"wpforms-css-vars-1767\">\n\t\t\t\t#wpforms-1767 {\n\t\t\t\t\n\t\t\t}\n\t\t\t<\/style><div class=\"wpforms-container wpforms-container-full wpforms-render-modern\" id=\"wpforms-1767\"><form id=\"wpforms-form-1767\" class=\"wpforms-validate wpforms-form wpforms-ajax-form\" data-formid=\"1767\" method=\"post\" enctype=\"multipart\/form-data\" action=\"\/es\/wp-json\/wp\/v2\/pages\/1758\" data-token=\"08f86941f116616720dd69f7b6d06e45\" data-token-time=\"1777427023\"><noscript class=\"wpforms-error-noscript\">Por favor, activa JavaScript en tu navegador para completar este formulario.<\/noscript><div id=\"wpforms-error-noscript\" style=\"display: none;\">Por favor, activa JavaScript en tu navegador para completar este formulario.<\/div><div class=\"wpforms-field-container\"><div id=\"wpforms-1767-field_1-container\" class=\"wpforms-field wpforms-field-name\" data-field-id=\"1\"><fieldset><legend class=\"wpforms-field-label\">Nome e Apelido <span class=\"wpforms-required-label\" aria-hidden=\"true\">*<\/span><\/legend><div class=\"wpforms-field-row wpforms-field-large\"><div class=\"wpforms-field-row-block wpforms-first wpforms-one-half\"><input type=\"text\" id=\"wpforms-1767-field_1\" class=\"wpforms-field-name-first wpforms-field-required\" name=\"wpforms[fields][1][first]\" placeholder=\"Nombre de pila\" aria-errormessage=\"wpforms-1767-field_1-error\" required><label for=\"wpforms-1767-field_1\" class=\"wpforms-field-sublabel after wpforms-sublabel-hide\">First<\/label><\/div><div class=\"wpforms-field-row-block wpforms-one-half\"><input type=\"text\" id=\"wpforms-1767-field_1-last\" class=\"wpforms-field-name-last wpforms-field-required\" name=\"wpforms[fields][1][last]\" placeholder=\"Apellido\" aria-errormessage=\"wpforms-1767-field_1-last-error\" required><label for=\"wpforms-1767-field_1-last\" class=\"wpforms-field-sublabel after wpforms-sublabel-hide\">Last<\/label><\/div><\/div><\/fieldset><\/div><div id=\"wpforms-1767-field_2-container\" class=\"wpforms-field wpforms-field-email wpforms-one-half wpforms-first\" data-field-id=\"2\"><label class=\"wpforms-field-label\" for=\"wpforms-1767-field_2\">Email <span class=\"wpforms-required-label\" aria-hidden=\"true\">*<\/span><\/label><input type=\"email\" id=\"wpforms-1767-field_2\" class=\"wpforms-field-large wpforms-field-required\" name=\"wpforms[fields][2]\" spellcheck=\"false\" aria-errormessage=\"wpforms-1767-field_2-error\" required><\/div>\t\t<div id=\"wpforms-1767-field_9-container\"\n\t\t\tclass=\"wpforms-field wpforms-field-text\"\n\t\t\tdata-field-type=\"text\"\n\t\t\tdata-field-id=\"9\"\n\t\t\t>\n\t\t\t<label class=\"wpforms-field-label\" for=\"wpforms-1767-field_9\" >la participantes Tour<\/label>\n\t\t\t<input type=\"text\" id=\"wpforms-1767-field_9\" class=\"wpforms-field-medium\" name=\"wpforms[fields][9]\" >\n\t\t<\/div>\n\t\t<div id=\"wpforms-1767-field_4-container\" class=\"wpforms-field wpforms-field-text wpforms-one-half\" data-field-id=\"4\"><label class=\"wpforms-field-label\" for=\"wpforms-1767-field_4\">Contacto en Italia (n\u00famero de tel\u00e9fono)<\/label><input type=\"text\" id=\"wpforms-1767-field_4\" class=\"wpforms-field-large\" name=\"wpforms[fields][4]\" aria-errormessage=\"wpforms-1767-field_4-error\" ><\/div><div id=\"wpforms-1767-field_8-container\" class=\"wpforms-field wpforms-field-select wpforms-field-select-style-modern\" data-field-id=\"8\"><label class=\"wpforms-field-label\" for=\"wpforms-1767-field_8\">Tour solicitado<\/label><select id=\"wpforms-1767-field_8\" class=\"wpforms-field-large choicesjs-select\" data-size-class=\"wpforms-field-row wpforms-field-large\" data-search-enabled=\"1\" name=\"wpforms[fields][8][]\" multiple=\"multiple\"><option value=\"\" class=\"placeholder\" disabled ><\/option><option value=\"Florencia Monumental\"  class=\"choice-41 depth-1\"  >Florencia Monumental<\/option><option value=\"Que ver en Florencia en un d\u00eda\"  class=\"choice-42 depth-1\"  >Que ver en Florencia en un d\u00eda<\/option><option value=\"La Galer\u00eda de los Uffizi\"  class=\"choice-43 depth-1\"  >La Galer\u00eda de los Uffizi<\/option><option value=\"Visita Cruceros\"  class=\"choice-44 depth-1\"  >Visita Cruceros<\/option><option value=\"La Familia M\u00e9dicis y sus residencias\"  class=\"choice-45 depth-1\"  >La Familia M\u00e9dicis y sus residencias<\/option><option value=\"Tour de Miguel Angel\"  class=\"choice-46 depth-1\"  >Tour de Miguel Angel<\/option><option value=\"Florencia Monumental, David de Miguel AngFlorencia al Atardecer\"  class=\"choice-47 depth-1\"  >Florencia Monumental, David de Miguel AngFlorencia al Atardecer<\/option><option value=\"Florencia Hist\u00f3rica y Gastron\u00f3mica\"  class=\"choice-48 depth-1\"  >Florencia Hist\u00f3rica y Gastron\u00f3mica<\/option><option value=\"Other Tour\"  class=\"choice-40 depth-1\"  >Other Tour<\/option><\/select><\/div><div id=\"wpforms-1767-field_5-container\" class=\"wpforms-field wpforms-field-number wpforms-one-half wpforms-first\" data-field-id=\"5\"><label class=\"wpforms-field-label\" for=\"wpforms-1767-field_5\">N\u00famero de participantes <\/label><input type=\"number\" id=\"wpforms-1767-field_5\" class=\"wpforms-field-large\" name=\"wpforms[fields][5]\" min=\"1\" step=\"any\" aria-errormessage=\"wpforms-1767-field_5-error\" ><\/div><div id=\"wpforms-1767-field_6-container\" class=\"wpforms-field wpforms-field-text wpforms-one-half walwpf-datepicker\" data-field-id=\"6\"><label class=\"wpforms-field-label\" for=\"wpforms-1767-field_6\">D\u00eda de la visita  <span class=\"wpforms-required-label\" aria-hidden=\"true\">*<\/span><\/label><input type=\"text\" id=\"wpforms-1767-field_6\" class=\"wpforms-field-large wpforms-field-required\" name=\"wpforms[fields][6]\" aria-errormessage=\"wpforms-1767-field_6-error\" required><\/div><div id=\"wpforms-1767-field_3-container\" class=\"wpforms-field wpforms-field-textarea\" data-field-id=\"3\"><label class=\"wpforms-field-label\" for=\"wpforms-1767-field_3\">Solicitud  <span class=\"wpforms-required-label\" aria-hidden=\"true\">*<\/span><\/label><textarea id=\"wpforms-1767-field_3\" class=\"wpforms-field-medium wpforms-field-required\" name=\"wpforms[fields][3]\" aria-errormessage=\"wpforms-1767-field_3-error\" required><\/textarea><\/div><div id=\"wpforms-1767-field_7-container\" class=\"wpforms-field wpforms-field-checkbox\" data-field-id=\"7\"><fieldset><legend class=\"wpforms-field-label\"> <span class=\"wpforms-required-label\" aria-hidden=\"true\">*<\/span><\/legend><ul id=\"wpforms-1767-field_7\" class=\"wpforms-field-required\"><li class=\"choice-1 depth-1\"><input type=\"checkbox\" id=\"wpforms-1767-field_7_1\" name=\"wpforms[fields][7][]\" value=\"Autorizo \u200b\u200bel tratamiento de mis datos personales seg\u00fan la &lt;a href=&quot;\/es\/privacy.html&quot;&gt;informaci\u00f3n&lt;\/a&gt; facilitada de conformidad con el art. 13 del Reglamento UE 679\/2016, que declaro haber le\u00eddo y aceptado.\" aria-errormessage=\"wpforms-1767-field_7_1-error\" required ><label class=\"wpforms-field-label-inline\" for=\"wpforms-1767-field_7_1\">Autorizo \u200b\u200bel tratamiento de mis datos personales seg\u00fan la <a href=\"\/es\/privacy.html\">informaci\u00f3n<\/a> facilitada de conformidad con el art. 13 del Reglamento UE 679\/2016, que declaro haber le\u00eddo y aceptado.<\/label><\/li><\/ul><\/fieldset><\/div><script>\n\t\t\t\t( function() {\n\t\t\t\t\tconst style = document.createElement( 'style' );\n\t\t\t\t\tstyle.appendChild( document.createTextNode( '#wpforms-1767-field_9-container { position: absolute !important; overflow: hidden !important; display: inline !important; height: 1px !important; width: 1px !important; z-index: -1000 !important; padding: 0 !important; } #wpforms-1767-field_9-container input { visibility: hidden; } #wpforms-conversational-form-page #wpforms-1767-field_9-container label { counter-increment: none; }' ) );\n\t\t\t\t\tdocument.head.appendChild( style );\n\t\t\t\t\tdocument.currentScript?.remove();\n\t\t\t\t} )();\n\t\t\t<\/script><\/div><!-- .wpforms-field-container --><div class=\"wpforms-submit-container\" ><input type=\"hidden\" name=\"wpforms[id]\" value=\"1767\"><input type=\"hidden\" name=\"page_title\" value=\"\"><input type=\"hidden\" name=\"page_url\" value=\"https:\/\/www.walksinsideflorence.it\/es\/wp-json\/wp\/v2\/pages\/1758\"><input type=\"hidden\" name=\"url_referer\" value=\"\"><button type=\"submit\" name=\"wpforms[submit]\" id=\"wpforms-submit-1767\" class=\"wpforms-submit\" data-alt-text=\"Envio...\" data-submit-text=\"Entregar\" aria-live=\"assertive\" value=\"wpforms-submit\">Entregar<\/button><img decoding=\"async\" src=\"https:\/\/www.walksinsideflorence.it\/wp-content\/plugins\/wpforms\/assets\/images\/submit-spin.svg\" class=\"wpforms-submit-spinner\" style=\"display: none;\" width=\"26\" height=\"26\" alt=\"Cargando\"><\/div><\/form><\/div>  <!-- .wpforms-container -->\t<\/div>\n\t\t\t\t\t\t<\/div>\n\t\t\t\t<\/div>\n\t\t\t\t<\/div>\n\t\t\t\t\t<\/div>\n\t\t\t\t<\/div>\n\t\t\t\t<\/div>\n\t\t","protected":false},"excerpt":{"rendered":"<p>Reserva tours y excursiones en Florencia en Espa\u00f1ol Rellenando este cuestionario Ud. esta&#8217; solicitando disponibilidad de las visitas o m\u00e0s informaci\u00f2n sobre nuestros tours y excursiones guiados en Florencia. Le contactaremos lo antes posibile indic\u00e0ndole la soluc\u00econ m\u00e0s ventajosa de acuerdo a sus necesidades. Donde aparece el asterisco (*) es olbigatorio rellenarlo.<\/p>\n","protected":false},"author":1,"featured_media":0,"parent":0,"menu_order":0,"comment_status":"closed","ping_status":"closed","template":"","meta":{"_acf_changed":false,"footnotes":""},"class_list":["post-1758","page","type-page","status-publish","hentry"],"acf":[],"yoast_head":"<!-- This site is optimized with the Yoast SEO plugin v26.9 - https:\/\/yoast.com\/product\/yoast-seo-wordpress\/ -->\n<title>Cont\u00e1ctenos - Walks Inside Florence<\/title>\n<meta name=\"robots\" content=\"index, follow, max-snippet:-1, max-image-preview:large, max-video-preview:-1\" \/>\n<link rel=\"canonical\" href=\"https:\/\/www.walksinsideflorence.it\/es\/contactenos\/\" \/>\n<meta property=\"og:locale\" content=\"es_ES\" \/>\n<meta property=\"og:type\" content=\"article\" \/>\n<meta property=\"og:title\" content=\"Cont\u00e1ctenos - Walks Inside Florence\" \/>\n<meta property=\"og:description\" content=\"Reserva tours y excursiones en Florencia en Espa\u00f1ol Rellenando este cuestionario Ud. esta&#8217; solicitando disponibilidad de las visitas o m\u00e0s informaci\u00f2n sobre nuestros tours y excursiones guiados en Florencia. Le contactaremos lo antes posibile indic\u00e0ndole la soluc\u00econ m\u00e0s ventajosa de acuerdo a sus necesidades. Donde aparece el asterisco (*) es olbigatorio rellenarlo.\" \/>\n<meta property=\"og:url\" content=\"https:\/\/www.walksinsideflorence.it\/es\/contactenos\/\" \/>\n<meta property=\"og:site_name\" content=\"Walks Inside Florence\" \/>\n<meta property=\"article:modified_time\" content=\"2025-06-13T11:44:33+00:00\" \/>\n<meta name=\"twitter:card\" content=\"summary_large_image\" \/>\n<meta name=\"twitter:label1\" content=\"Tiempo de lectura\" \/>\n\t<meta name=\"twitter:data1\" content=\"1 minuto\" \/>\n<script type=\"application\/ld+json\" class=\"yoast-schema-graph\">{\"@context\":\"https:\/\/schema.org\",\"@graph\":[{\"@type\":\"WebPage\",\"@id\":\"https:\/\/www.walksinsideflorence.it\/es\/contactenos\/\",\"url\":\"https:\/\/www.walksinsideflorence.it\/es\/contactenos\/\",\"name\":\"Cont\u00e1ctenos - Walks Inside Florence\",\"isPartOf\":{\"@id\":\"https:\/\/www.walksinsideflorence.it\/es\/#website\"},\"datePublished\":\"2025-05-26T11:37:46+00:00\",\"dateModified\":\"2025-06-13T11:44:33+00:00\",\"breadcrumb\":{\"@id\":\"https:\/\/www.walksinsideflorence.it\/es\/contactenos\/#breadcrumb\"},\"inLanguage\":\"es\",\"potentialAction\":[{\"@type\":\"ReadAction\",\"target\":[\"https:\/\/www.walksinsideflorence.it\/es\/contactenos\/\"]}]},{\"@type\":\"BreadcrumbList\",\"@id\":\"https:\/\/www.walksinsideflorence.it\/es\/contactenos\/#breadcrumb\",\"itemListElement\":[{\"@type\":\"ListItem\",\"position\":1,\"name\":\"Home\",\"item\":\"https:\/\/www.walksinsideflorence.it\/es\/\"},{\"@type\":\"ListItem\",\"position\":2,\"name\":\"Cont\u00e1ctenos\"}]},{\"@type\":\"WebSite\",\"@id\":\"https:\/\/www.walksinsideflorence.it\/es\/#website\",\"url\":\"https:\/\/www.walksinsideflorence.it\/es\/\",\"name\":\"Walks Inside Florence\",\"description\":\"\",\"publisher\":{\"@id\":\"https:\/\/www.walksinsideflorence.it\/es\/#organization\"},\"potentialAction\":[{\"@type\":\"SearchAction\",\"target\":{\"@type\":\"EntryPoint\",\"urlTemplate\":\"https:\/\/www.walksinsideflorence.it\/es\/?s={search_term_string}\"},\"query-input\":{\"@type\":\"PropertyValueSpecification\",\"valueRequired\":true,\"valueName\":\"search_term_string\"}}],\"inLanguage\":\"es\"},{\"@type\":\"Organization\",\"@id\":\"https:\/\/www.walksinsideflorence.it\/es\/#organization\",\"name\":\"Walks Inside Florence\",\"url\":\"https:\/\/www.walksinsideflorence.it\/es\/\",\"logo\":{\"@type\":\"ImageObject\",\"inLanguage\":\"es\",\"@id\":\"https:\/\/www.walksinsideflorence.it\/es\/#\/schema\/logo\/image\/\",\"url\":\"https:\/\/www.walksinsideflorence.it\/wp-content\/uploads\/2025\/05\/logo.png\",\"contentUrl\":\"https:\/\/www.walksinsideflorence.it\/wp-content\/uploads\/2025\/05\/logo.png\",\"width\":170,\"height\":97,\"caption\":\"Walks Inside Florence\"},\"image\":{\"@id\":\"https:\/\/www.walksinsideflorence.it\/es\/#\/schema\/logo\/image\/\"}}]}<\/script>\n<!-- \/ Yoast SEO plugin. -->","yoast_head_json":{"title":"Cont\u00e1ctenos - Walks Inside Florence","robots":{"index":"index","follow":"follow","max-snippet":"max-snippet:-1","max-image-preview":"max-image-preview:large","max-video-preview":"max-video-preview:-1"},"canonical":"https:\/\/www.walksinsideflorence.it\/es\/contactenos\/","og_locale":"es_ES","og_type":"article","og_title":"Cont\u00e1ctenos - Walks Inside Florence","og_description":"Reserva tours y excursiones en Florencia en Espa\u00f1ol Rellenando este cuestionario Ud. esta&#8217; solicitando disponibilidad de las visitas o m\u00e0s informaci\u00f2n sobre nuestros tours y excursiones guiados en Florencia. Le contactaremos lo antes posibile indic\u00e0ndole la soluc\u00econ m\u00e0s ventajosa de acuerdo a sus necesidades. Donde aparece el asterisco (*) es olbigatorio rellenarlo.","og_url":"https:\/\/www.walksinsideflorence.it\/es\/contactenos\/","og_site_name":"Walks Inside Florence","article_modified_time":"2025-06-13T11:44:33+00:00","twitter_card":"summary_large_image","twitter_misc":{"Tiempo de lectura":"1 minuto"},"schema":{"@context":"https:\/\/schema.org","@graph":[{"@type":"WebPage","@id":"https:\/\/www.walksinsideflorence.it\/es\/contactenos\/","url":"https:\/\/www.walksinsideflorence.it\/es\/contactenos\/","name":"Cont\u00e1ctenos - Walks Inside Florence","isPartOf":{"@id":"https:\/\/www.walksinsideflorence.it\/es\/#website"},"datePublished":"2025-05-26T11:37:46+00:00","dateModified":"2025-06-13T11:44:33+00:00","breadcrumb":{"@id":"https:\/\/www.walksinsideflorence.it\/es\/contactenos\/#breadcrumb"},"inLanguage":"es","potentialAction":[{"@type":"ReadAction","target":["https:\/\/www.walksinsideflorence.it\/es\/contactenos\/"]}]},{"@type":"BreadcrumbList","@id":"https:\/\/www.walksinsideflorence.it\/es\/contactenos\/#breadcrumb","itemListElement":[{"@type":"ListItem","position":1,"name":"Home","item":"https:\/\/www.walksinsideflorence.it\/es\/"},{"@type":"ListItem","position":2,"name":"Cont\u00e1ctenos"}]},{"@type":"WebSite","@id":"https:\/\/www.walksinsideflorence.it\/es\/#website","url":"https:\/\/www.walksinsideflorence.it\/es\/","name":"Walks Inside Florence","description":"","publisher":{"@id":"https:\/\/www.walksinsideflorence.it\/es\/#organization"},"potentialAction":[{"@type":"SearchAction","target":{"@type":"EntryPoint","urlTemplate":"https:\/\/www.walksinsideflorence.it\/es\/?s={search_term_string}"},"query-input":{"@type":"PropertyValueSpecification","valueRequired":true,"valueName":"search_term_string"}}],"inLanguage":"es"},{"@type":"Organization","@id":"https:\/\/www.walksinsideflorence.it\/es\/#organization","name":"Walks Inside Florence","url":"https:\/\/www.walksinsideflorence.it\/es\/","logo":{"@type":"ImageObject","inLanguage":"es","@id":"https:\/\/www.walksinsideflorence.it\/es\/#\/schema\/logo\/image\/","url":"https:\/\/www.walksinsideflorence.it\/wp-content\/uploads\/2025\/05\/logo.png","contentUrl":"https:\/\/www.walksinsideflorence.it\/wp-content\/uploads\/2025\/05\/logo.png","width":170,"height":97,"caption":"Walks Inside Florence"},"image":{"@id":"https:\/\/www.walksinsideflorence.it\/es\/#\/schema\/logo\/image\/"}}]}},"_links":{"self":[{"href":"https:\/\/www.walksinsideflorence.it\/es\/wp-json\/wp\/v2\/pages\/1758","targetHints":{"allow":["GET"]}}],"collection":[{"href":"https:\/\/www.walksinsideflorence.it\/es\/wp-json\/wp\/v2\/pages"}],"about":[{"href":"https:\/\/www.walksinsideflorence.it\/es\/wp-json\/wp\/v2\/types\/page"}],"author":[{"embeddable":true,"href":"https:\/\/www.walksinsideflorence.it\/es\/wp-json\/wp\/v2\/users\/1"}],"replies":[{"embeddable":true,"href":"https:\/\/www.walksinsideflorence.it\/es\/wp-json\/wp\/v2\/comments?post=1758"}],"version-history":[{"count":10,"href":"https:\/\/www.walksinsideflorence.it\/es\/wp-json\/wp\/v2\/pages\/1758\/revisions"}],"predecessor-version":[{"id":1774,"href":"https:\/\/www.walksinsideflorence.it\/es\/wp-json\/wp\/v2\/pages\/1758\/revisions\/1774"}],"wp:attachment":[{"href":"https:\/\/www.walksinsideflorence.it\/es\/wp-json\/wp\/v2\/media?parent=1758"}],"curies":[{"name":"wp","href":"https:\/\/api.w.org\/{rel}","templated":true}]}}