{"id":1749,"date":"2025-05-26T11:36:48","date_gmt":"2025-05-26T11:36:48","guid":{"rendered":"https:\/\/wif2.deegita.com\/faq\/"},"modified":"2025-06-13T11:44:03","modified_gmt":"2025-06-13T11:44:03","slug":"faq-es","status":"publish","type":"page","link":"https:\/\/www.walksinsideflorence.it\/es\/faq-es\/","title":{"rendered":"Faq"},"content":{"rendered":"\t\t<div data-elementor-type=\"wp-page\" data-elementor-id=\"1749\" class=\"elementor elementor-1749 elementor-94\" data-elementor-post-type=\"page\">\n\t\t\t\t<div class=\"elementor-element elementor-element-1a61fa55 e-flex e-con-boxed e-con e-parent\" data-id=\"1a61fa55\" data-element_type=\"container\" data-e-type=\"container\" data-settings=\"{&quot;background_background&quot;:&quot;classic&quot;}\">\n\t\t\t\t\t<div class=\"e-con-inner\">\n\t\t\t\t\t<\/div>\n\t\t\t\t<\/div>\n\t\t<div class=\"elementor-element elementor-element-1d0f3ad e-flex e-con-boxed e-con e-parent\" data-id=\"1d0f3ad\" data-element_type=\"container\" data-e-type=\"container\">\n\t\t\t\t\t<div class=\"e-con-inner\">\n\t\t\t\t<div class=\"elementor-element elementor-element-23bf321 elementor-widget elementor-widget-text-editor\" data-id=\"23bf321\" data-element_type=\"widget\" data-e-type=\"widget\" data-widget_type=\"text-editor.default\">\n\t\t\t\t<div class=\"elementor-widget-container\">\n\t\t\t\t\t\t\t\t\t<h5>\u00bfCual es la diferencia entre visita para grupos peque\u00f1os y visitas privadas?<\/h5>\n<p>Las visitas privadas con nuestros gu\u00edas tur\u00edsticos oficiales son personalizadas para el tipo de cliente o grupo que la requiera. Nuestro equipo de gu\u00edas se adapta a tus sugerencias y horarios durante con tarifas establecidas por visita.<br \/>La visita para grupos peque\u00f1os es una visita con uno de nuestros gu\u00edas tur\u00edsticos donde usted realiza la visita con otras personas. Este tipo de visita comienza a las 13:30 en la plaza de la Signoria junto a la estatua en bronce de Cosme I montado a caballo.<\/p>\n<h5>\u00bfPuedo visitar a pie los diferentes lugares de inter\u00e9s de la ciudad?<\/h5>\n<p>Florencia es una ciudad que se descubre a pie. Es una ciudad llana pero con adoquines en piedra, por esta raz\u00f3n recomendamos utilizar calzado c\u00f3modo en todo momento del d\u00eda. Por tanto,el centro hist\u00f3rico de la ciudad as\u00ed como sus museos, iglesias y palacios se recorren paseando.<\/p>\n<h5>Si viajo en coche, \u00bfdonde puedo aparcar el coche?<\/h5>\n<p>El aparcamiento m\u00e1s cercano del centro hist\u00f3rico es el que se encuentra en la plaza de la estaci\u00f3n de tren de Santa Mar\u00eda Novella. Este aparcamiento subterr\u00e1neo est\u00e1 a tan solo 15 minutos del Duomo. El precio aproximadamente es: \u20ac 1,50\/hora y \u20ac 18,00\/24 horas.<\/p>\n<h5>Si llego con maletas, \u00bfhay en Florencia un deposito de equipaje?<\/h5>\n<p>En la principal estaci\u00f3n de trenes de Florencia (Santa Mar\u00eda Novella) hay un deposito de equipaje que est\u00e1 bien de precio y esta abierto desde las 6.00 AM hasta 10.00 PM. El dep\u00f3sito de equipaje se encuentra dentro de la estaci\u00f3n a la mitad del anden n\u00famero 16 .<\/p>\n<h5>\u00bfA que hora abren los restaurantes?<\/h5>\n<p>Los restaurantes abren en horario de comidas a las 12:00\/12:30 hasta las 14:30 que cierra la cocina. El horario de cenas es de 19:30 hasta las 22:00. Normalmente los restaurantes cierran un d\u00eda a la semana por descanso y este d\u00eda suele ser el domingo o el lunes.<\/p>\n<h5>\u00bfEsta bien visto dejar propina?<\/h5>\n<p>Las propinas no son obligatorias pero si que son agradecidas como reconocimiento a un buen servicio. En estos casos recomendamos dejar un 10% de propina en proporci\u00f3n al total pagado.<\/p>\n<h5>\u00bfDonde puedo ir de compras?<\/h5>\n<p>Florencia es conocida por sus elegantes tiendas y trabajo artesanal. Las calles de las grandes firmas son la calle Tornabuoni, calle de la Vigna Nuova y calle Strozzi. Las tiendas artesanales se encuentran principalmente en el barrio del Oltrarno: Borgo San Frediano, Santo Spirito, Borgo San Iacopo. El barrio de la Santa Croce es famoso por los productos realizados en piel como chaquetas, bolsos, guantes o monederos entre otros objetos.<\/p>\n<h5>\u00bfDonde puedo ir a pasar un d\u00eda saliendo de Florencia?<\/h5>\n<p>Puede ir a Roma por ejemplo con el tren de alta velocidad en tan solo 1 hora y media. Tambi\u00e9n recomendamos sin dejar de la Toscana, ir a Pisa, Lucca, o Siena y San Gimignano.<\/p>\n<h5>\u00bfPuedo combinar los recorridos de Florencia?<\/h5>\n<p>Recomendamos unir la Accademia (museo de escultura) con los Uffizi o el palacio Pitti (pinacotecas del renacimiento). Eche un vistazo a nuestro itinerario galer\u00eda de los Uffizi con la galer\u00eda de la Accademia.<\/p>\n<h5>\u00bfTengo que hacer la reserva para los museos?<\/h5>\n<p>Las reservas para los museos las podemos hacer nosotros por usted y despu\u00e9s directamente cuando va al museo las paga al recoger los billetes.<\/p>\n\t\t\t\t\t\t\t\t<\/div>\n\t\t\t\t<\/div>\n\t\t\t\t\t<\/div>\n\t\t\t\t<\/div>\n\t\t\t\t<\/div>\n\t\t","protected":false},"excerpt":{"rendered":"<p>\u00bfCual es la diferencia entre visita para grupos peque\u00f1os y visitas privadas? Las visitas privadas con nuestros gu\u00edas tur\u00edsticos oficiales son personalizadas para el tipo de cliente o grupo que la requiera. Nuestro equipo de gu\u00edas se adapta a tus sugerencias y horarios durante con tarifas establecidas por visita.La visita para grupos peque\u00f1os es una [&hellip;]<\/p>\n","protected":false},"author":1,"featured_media":0,"parent":0,"menu_order":0,"comment_status":"closed","ping_status":"closed","template":"","meta":{"_acf_changed":false,"footnotes":""},"class_list":["post-1749","page","type-page","status-publish","hentry"],"acf":[],"yoast_head":"<!-- This site is optimized with the Yoast SEO plugin v26.9 - https:\/\/yoast.com\/product\/yoast-seo-wordpress\/ -->\n<title>Faq - Walks Inside Florence<\/title>\n<meta name=\"robots\" content=\"index, follow, max-snippet:-1, max-image-preview:large, max-video-preview:-1\" \/>\n<link rel=\"canonical\" href=\"https:\/\/www.walksinsideflorence.it\/es\/faq-es\/\" \/>\n<meta property=\"og:locale\" content=\"es_ES\" \/>\n<meta property=\"og:type\" content=\"article\" \/>\n<meta property=\"og:title\" content=\"Faq - Walks Inside Florence\" \/>\n<meta property=\"og:description\" content=\"\u00bfCual es la diferencia entre visita para grupos peque\u00f1os y visitas privadas? Las visitas privadas con nuestros gu\u00edas tur\u00edsticos oficiales son personalizadas para el tipo de cliente o grupo que la requiera. Nuestro equipo de gu\u00edas se adapta a tus sugerencias y horarios durante con tarifas establecidas por visita.La visita para grupos peque\u00f1os es una [&hellip;]\" \/>\n<meta property=\"og:url\" content=\"https:\/\/www.walksinsideflorence.it\/es\/faq-es\/\" \/>\n<meta property=\"og:site_name\" content=\"Walks Inside Florence\" \/>\n<meta property=\"article:modified_time\" content=\"2025-06-13T11:44:03+00:00\" \/>\n<meta name=\"twitter:card\" content=\"summary_large_image\" \/>\n<meta name=\"twitter:label1\" content=\"Tiempo de lectura\" \/>\n\t<meta name=\"twitter:data1\" content=\"3 minutos\" \/>\n<script type=\"application\/ld+json\" class=\"yoast-schema-graph\">{\"@context\":\"https:\/\/schema.org\",\"@graph\":[{\"@type\":\"WebPage\",\"@id\":\"https:\/\/www.walksinsideflorence.it\/es\/faq-es\/\",\"url\":\"https:\/\/www.walksinsideflorence.it\/es\/faq-es\/\",\"name\":\"Faq - Walks Inside Florence\",\"isPartOf\":{\"@id\":\"https:\/\/www.walksinsideflorence.it\/es\/#website\"},\"datePublished\":\"2025-05-26T11:36:48+00:00\",\"dateModified\":\"2025-06-13T11:44:03+00:00\",\"breadcrumb\":{\"@id\":\"https:\/\/www.walksinsideflorence.it\/es\/faq-es\/#breadcrumb\"},\"inLanguage\":\"es\",\"potentialAction\":[{\"@type\":\"ReadAction\",\"target\":[\"https:\/\/www.walksinsideflorence.it\/es\/faq-es\/\"]}]},{\"@type\":\"BreadcrumbList\",\"@id\":\"https:\/\/www.walksinsideflorence.it\/es\/faq-es\/#breadcrumb\",\"itemListElement\":[{\"@type\":\"ListItem\",\"position\":1,\"name\":\"Home\",\"item\":\"https:\/\/www.walksinsideflorence.it\/es\/\"},{\"@type\":\"ListItem\",\"position\":2,\"name\":\"Faq\"}]},{\"@type\":\"WebSite\",\"@id\":\"https:\/\/www.walksinsideflorence.it\/es\/#website\",\"url\":\"https:\/\/www.walksinsideflorence.it\/es\/\",\"name\":\"Walks Inside Florence\",\"description\":\"\",\"publisher\":{\"@id\":\"https:\/\/www.walksinsideflorence.it\/es\/#organization\"},\"potentialAction\":[{\"@type\":\"SearchAction\",\"target\":{\"@type\":\"EntryPoint\",\"urlTemplate\":\"https:\/\/www.walksinsideflorence.it\/es\/?s={search_term_string}\"},\"query-input\":{\"@type\":\"PropertyValueSpecification\",\"valueRequired\":true,\"valueName\":\"search_term_string\"}}],\"inLanguage\":\"es\"},{\"@type\":\"Organization\",\"@id\":\"https:\/\/www.walksinsideflorence.it\/es\/#organization\",\"name\":\"Walks Inside Florence\",\"url\":\"https:\/\/www.walksinsideflorence.it\/es\/\",\"logo\":{\"@type\":\"ImageObject\",\"inLanguage\":\"es\",\"@id\":\"https:\/\/www.walksinsideflorence.it\/es\/#\/schema\/logo\/image\/\",\"url\":\"https:\/\/www.walksinsideflorence.it\/wp-content\/uploads\/2025\/05\/logo.png\",\"contentUrl\":\"https:\/\/www.walksinsideflorence.it\/wp-content\/uploads\/2025\/05\/logo.png\",\"width\":170,\"height\":97,\"caption\":\"Walks Inside Florence\"},\"image\":{\"@id\":\"https:\/\/www.walksinsideflorence.it\/es\/#\/schema\/logo\/image\/\"}}]}<\/script>\n<!-- \/ Yoast SEO plugin. -->","yoast_head_json":{"title":"Faq - Walks Inside Florence","robots":{"index":"index","follow":"follow","max-snippet":"max-snippet:-1","max-image-preview":"max-image-preview:large","max-video-preview":"max-video-preview:-1"},"canonical":"https:\/\/www.walksinsideflorence.it\/es\/faq-es\/","og_locale":"es_ES","og_type":"article","og_title":"Faq - Walks Inside Florence","og_description":"\u00bfCual es la diferencia entre visita para grupos peque\u00f1os y visitas privadas? Las visitas privadas con nuestros gu\u00edas tur\u00edsticos oficiales son personalizadas para el tipo de cliente o grupo que la requiera. Nuestro equipo de gu\u00edas se adapta a tus sugerencias y horarios durante con tarifas establecidas por visita.La visita para grupos peque\u00f1os es una [&hellip;]","og_url":"https:\/\/www.walksinsideflorence.it\/es\/faq-es\/","og_site_name":"Walks Inside Florence","article_modified_time":"2025-06-13T11:44:03+00:00","twitter_card":"summary_large_image","twitter_misc":{"Tiempo de lectura":"3 minutos"},"schema":{"@context":"https:\/\/schema.org","@graph":[{"@type":"WebPage","@id":"https:\/\/www.walksinsideflorence.it\/es\/faq-es\/","url":"https:\/\/www.walksinsideflorence.it\/es\/faq-es\/","name":"Faq - Walks Inside Florence","isPartOf":{"@id":"https:\/\/www.walksinsideflorence.it\/es\/#website"},"datePublished":"2025-05-26T11:36:48+00:00","dateModified":"2025-06-13T11:44:03+00:00","breadcrumb":{"@id":"https:\/\/www.walksinsideflorence.it\/es\/faq-es\/#breadcrumb"},"inLanguage":"es","potentialAction":[{"@type":"ReadAction","target":["https:\/\/www.walksinsideflorence.it\/es\/faq-es\/"]}]},{"@type":"BreadcrumbList","@id":"https:\/\/www.walksinsideflorence.it\/es\/faq-es\/#breadcrumb","itemListElement":[{"@type":"ListItem","position":1,"name":"Home","item":"https:\/\/www.walksinsideflorence.it\/es\/"},{"@type":"ListItem","position":2,"name":"Faq"}]},{"@type":"WebSite","@id":"https:\/\/www.walksinsideflorence.it\/es\/#website","url":"https:\/\/www.walksinsideflorence.it\/es\/","name":"Walks Inside Florence","description":"","publisher":{"@id":"https:\/\/www.walksinsideflorence.it\/es\/#organization"},"potentialAction":[{"@type":"SearchAction","target":{"@type":"EntryPoint","urlTemplate":"https:\/\/www.walksinsideflorence.it\/es\/?s={search_term_string}"},"query-input":{"@type":"PropertyValueSpecification","valueRequired":true,"valueName":"search_term_string"}}],"inLanguage":"es"},{"@type":"Organization","@id":"https:\/\/www.walksinsideflorence.it\/es\/#organization","name":"Walks Inside Florence","url":"https:\/\/www.walksinsideflorence.it\/es\/","logo":{"@type":"ImageObject","inLanguage":"es","@id":"https:\/\/www.walksinsideflorence.it\/es\/#\/schema\/logo\/image\/","url":"https:\/\/www.walksinsideflorence.it\/wp-content\/uploads\/2025\/05\/logo.png","contentUrl":"https:\/\/www.walksinsideflorence.it\/wp-content\/uploads\/2025\/05\/logo.png","width":170,"height":97,"caption":"Walks Inside Florence"},"image":{"@id":"https:\/\/www.walksinsideflorence.it\/es\/#\/schema\/logo\/image\/"}}]}},"_links":{"self":[{"href":"https:\/\/www.walksinsideflorence.it\/es\/wp-json\/wp\/v2\/pages\/1749","targetHints":{"allow":["GET"]}}],"collection":[{"href":"https:\/\/www.walksinsideflorence.it\/es\/wp-json\/wp\/v2\/pages"}],"about":[{"href":"https:\/\/www.walksinsideflorence.it\/es\/wp-json\/wp\/v2\/types\/page"}],"author":[{"embeddable":true,"href":"https:\/\/www.walksinsideflorence.it\/es\/wp-json\/wp\/v2\/users\/1"}],"replies":[{"embeddable":true,"href":"https:\/\/www.walksinsideflorence.it\/es\/wp-json\/wp\/v2\/comments?post=1749"}],"version-history":[{"count":1,"href":"https:\/\/www.walksinsideflorence.it\/es\/wp-json\/wp\/v2\/pages\/1749\/revisions"}],"predecessor-version":[{"id":1750,"href":"https:\/\/www.walksinsideflorence.it\/es\/wp-json\/wp\/v2\/pages\/1749\/revisions\/1750"}],"wp:attachment":[{"href":"https:\/\/www.walksinsideflorence.it\/es\/wp-json\/wp\/v2\/media?parent=1749"}],"curies":[{"name":"wp","href":"https:\/\/api.w.org\/{rel}","templated":true}]}}